{"id":753,"date":"2020-11-14T16:17:53","date_gmt":"2020-11-14T15:17:53","guid":{"rendered":"http:\/\/gbg.schlueter.pro\/?page_id=3"},"modified":"2020-11-14T16:17:53","modified_gmt":"2020-11-14T15:17:53","slug":"datenschutzerklaerung","status":"publish","type":"page","link":"https:\/\/gbgmbh.de\/hu\/datenschutzerklaerung\/","title":{"rendered":"Adatv\u00e9delem"},"content":{"rendered":"\n<p>F\u00fcr unsere Interessenten, Kunden und Lieferanten stellen wir die folgenden detaillierten Informationen zur Verarbeitung ihrer personenbezogenen Daten nach Art. 13 DSGVO zur Verf\u00fcgung.<\/p>\n\n\n\n<h2 class=\"wp-block-heading\">Verantwortlich<\/h2>\n\n\n\n<p>Ginsberg &amp; Beier GmbH<br>Thomas Beier<br>Gro\u00dfer Sand 95<br>25436 Uetersen<\/p>\n\n\n\n<h3 class=\"wp-block-heading\">Datenschutzbeauftragter<\/h3>\n\n\n\n<p>Zur Bestellung eines Datenschutzbeauftragten sind wir nicht verpflichtet.<br>Stand: 21.03.2021<\/p>\n\n\n\n<h3 class=\"wp-block-heading\">Kategorien von Daten<\/h3>\n\n\n\n<p>Wir verarbeiten \u00fcblicherweise folgende Daten, sofern uns diese vorliegen:<\/p>\n\n\n\n<h4 class=\"wp-block-heading\">IP-Adresse<\/h4>\n\n\n\n<p>Des Weiteren verarbeiten wir Name und E-Mail-Adresse, der Webseitenbesucher, wenn Sie unser Kontaktformular ausf\u00fcllen.<\/p>\n\n\n\n<h4 class=\"wp-block-heading\">Zwecke und Rechtsgrundlagen<\/h4>\n\n\n\n<p>Wir erheben und verwenden personenbezogene Daten unserer Nutzer grunds\u00e4tzlich nur, soweit dies zur Bereitstellung einer funktionsf\u00e4higen Website sowie unserer Inhalte und Leistungen erforderlich ist (berechtigtes Interesse (Art 6 Abs 1 lit. f) DSGVO)).<\/p>\n\n\n\n<p>Wenn Sie unser Kontaktformular ausf\u00fcllen, verarbeiteten wir Ihre Daten zur Durchf\u00fchrung vorvertraglicher Ma\u00dfnahmen (Art 6 Abs 1 lit. b) DSGVO) mit dem Unternehmen, f\u00fcr das Sie t\u00e4tig sind. Ebenso kann die Erf\u00fcllung einer rechtlichen Verpflichtung die Verarbeitung Ihrer Daten notwendig machen (Art 6 Abs 1 lit. c) DSGVO).<\/p>\n\n\n\n<p>In Einzelf\u00e4llen (z. B. nachdem Sie sich f\u00fcr unseren Newsletter angemeldet haben) verarbeiten wir Ihre Daten auf Basis Ihrer Einwilligung (Art 6 Abs 1 lit. a) DSGVO).<\/p>\n\n\n\n<h4 class=\"wp-block-heading\">Empf\u00e4nger<\/h4>\n\n\n\n<p>Innerhalb unseres Unternehmens erhalten diejenigen Stellen Zugriff auf Ihre Daten, die diese zur Erf\u00fcllung der vertraglichen und gesetzlichen Pflichten ben\u00f6tigen. Auch von&nbsp;uns eingesetzte Auftragsverarbeiter (Art 28 DSGVO) k\u00f6nnen zu diesen Zwecken&nbsp;Daten erhalten. F\u00fcr die Verarbeitung Ihrer personenbezogenen Daten nutzen wir unterschiedliche IT-Systeme, die wir teilweise selbst oder durch einen Dienstleister betreiben lassen. Diese Dienstleister haben wir sorgf\u00e4ltig ausgew\u00e4hlt und schriftlich beauftragt. Sie sind an unsere Weisungen gebunden und werden von uns regelm\u00e4\u00dfig kontrolliert. Mit welchen wir erforderlichenfalls Auftragsverarbeitungsvertr\u00e4ge gem. Art. 28 DSGVO geschlossen haben. Die Dienstleister werden Ihre Daten nicht f\u00fcr eigene Zwecke verwenden oder an Dritte weitergeben.<\/p>\n\n\n\n<h4 class=\"wp-block-heading\">Dauer der Verarbeitung<\/h4>\n\n\n\n<p>Wir verarbeiten Ihre Daten nur so lange, wie es zur Erf\u00fcllung der genannten Zwecke oder geltender Rechtsvorschriften sowie der Pflege unserer Beziehung zu Ihnen erforderlich ist.<\/p>\n\n\n\n<p>\u00dcblicherweise orientiert sich die Dauer der Verarbeitung an den gesetzlichen Aufbewahrungsfristen. Ggf. abweichende Fristen werden in den folgenden Abschnitten definiert.<\/p>\n\n\n\n<h4 class=\"wp-block-heading\">Bereitstellung Ihrer Daten<\/h4>\n\n\n\n<p>Wir ben\u00f6tigen Teile Ihrer Daten f\u00fcr den Betrieb unserer Webseite sowie zur Auswertung von IT-Sicherheitsvorf\u00e4llen, daher werden Ihre Daten automatisch durch unseren Internetprovider erhoben.<\/p>\n\n\n\n<p>Wenn Sie uns Ihre Daten \u00fcber unser Kontaktformular bereitstellen, ben\u00f6tigen wir diese zur Beantwortung Ihrer Anfrage. Sollten Sie uns Ihre Kontaktdaten nicht zur Verf\u00fcgung stellen, k\u00f6nnen wir nicht mit Ihnen in Kontakt treten und Ihre Anfrage beantworten.<\/p>\n\n\n\n<h3 class=\"wp-block-heading\">Cookies<\/h3>\n\n\n\n<p>Die Internetseiten verwenden teilweise so genannte Cookies. Cookies dienen dazu, unser Angebot nutzerfreundlicher, effektiver und sicherer zu machen. Cookies sind kleine Textdateien, die auf Ihrem Rechner abgelegt werden und die Ihr Browser speichert. Die meisten der von uns verwendeten Cookies sind so genannte \u201eSession-Cookies\u201c, diese werden nach Ende Ihres Besuchs automatisch gel\u00f6scht. Sie k\u00f6nnen Ihren Browser so einstellen, dass Sie \u00fcber das Setzen von Cookies informiert werden und Cookies nur im Einzelfall erlauben, die Annahme von Cookies f\u00fcr bestimmte F\u00e4lle oder generell ausschlie\u00dfen sowie das automatische L\u00f6schen der Cookies beim Schlie\u00dfen des Browsers aktivieren. Bei der Deaktivierung von Cookies kann die Funktionalit\u00e4t dieser Website eingeschr\u00e4nkt sein.<\/p>\n\n\n\n<p>In diesen Zwecken liegt auch unser berechtigtes Interesse an der Datenverarbeitung nach Art 6 Abs 1 lit. f) DSGVO.<\/p>\n\n\n\n<h3 class=\"wp-block-heading\">Server-Log-Files<\/h3>\n\n\n\n<p>Der Provider der Seiten erhebt und speichert automatisch Informationen in so genannten Server-Log Files, die Ihr Browser automatisch an uns \u00fcbermittelt. Dies sind:<\/p>\n\n\n\n<ul class=\"wp-block-list\"><li>Browsertyp und Browserversion<\/li><li>verwendetes Betriebssystem<\/li><li>Referrer URL<\/li><li>Hostname des zugreifenden Rechners<\/li><li>Uhrzeit der Serveranfrage<\/li><\/ul>\n\n\n\n<p>Diese Daten sind nicht bestimmten Personen zuordenbar. Eine Zusammenf\u00fchrung dieser Daten mit anderen Datenquellen wird nicht vorgenommen. Wir behalten uns vor, diese Daten nachtr\u00e4glich zu pr\u00fcfen, wenn uns konkrete Anhaltspunkte f\u00fcr eine rechtswidrige Nutzung bekannt werden.<\/p>\n\n\n\n<p>Die Speicherdauer der Server-Log-Files betr\u00e4gt 7 Tage.<\/p>\n\n\n\n<p>In diesen Zwecken liegt auch unser berechtigtes Interesse an der Datenverarbeitung nach Art 6 Abs 1 lit. f) DSGVO.<\/p>\n\n\n\n<h3 class=\"wp-block-heading\">Kontaktformular<\/h3>\n\n\n\n<p>Wenn Sie uns per Kontaktformular Anfragen zukommen lassen, werden Ihre Angaben aus dem Anfrageformular inklusive der von Ihnen dort angegebenen Kontaktdaten zwecks Bearbeitung der Anfrage und f\u00fcr den Fall von Anschlussfragen bei uns gespeichert. Diese Daten geben wir nicht ohne Ihre Einwilligung weiter.<\/p>\n\n\n\n<p>Rechtsgrundlage f\u00fcr die Verarbeitung der Daten ist die Bearbeitung Ihrer Anfrage im Rahmen&nbsp; einer vorvertraglichen Ma\u00dfnahme entsprechend Art.&nbsp;6 Abs.&nbsp;1 lit. b) DSGVO.<\/p>\n\n\n\n<p>Die Daten werden gel\u00f6scht, sobald sie f\u00fcr die Erreichung des Zweckes ihrer Erhebung nicht mehr erforderlich sind.<\/p>\n\n\n\n<h3 class=\"wp-block-heading\">Webseitenbetreiber<\/h3>\n\n\n\n<p>Die Webseite wird von IONOS \u2013 1&amp;1 IONOS SE,&nbsp;Elgendorfer Str. 57, 56410 Montabaur betrieben.<\/p>\n\n\n\n<h3 class=\"wp-block-heading\">Verlinkung Social-Media \u00fcber Grafik oder Textlink<\/h3>\n\n\n\n<p>Wir bewerben auf unserer Webseite auch Pr\u00e4senzen auf den nachstehend aufgef\u00fchrten sozialen Netzwerken. Die Einbindung erfolgt dabei \u00fcber eine verlinkte Grafik des jeweiligen Netzwerks. Durch den Einsatz dieser verlinkten Grafik wird verhindert, dass es bei dem Aufruf einer Website, die \u00fcber eine Social-Media-Bewerbung verf\u00fcgt, automatisch zu einem Verbindungsaufbau zum jeweiligen Server des sozialen Netzwerks kommt, um eine Grafik des jeweiligen Netzwerkes selbst darzustellen. Erst durch einen Klick auf die entsprechende Grafik wird der Nutzer zu dem Dienst des jeweiligen sozialen Netzwerks weitergeleitet.<\/p>\n\n\n\n<p>Nach der Weiterleitung des Nutzers werden durch das jeweilige Netzwerk Informationen \u00fcber den Nutzer erfasst. Es kann hierbei nicht ausgeschlossen werden, dass eine Verarbeitung der so erhobenen&nbsp;Daten in den USA stattfindet.<\/p>\n\n\n\n<p>Dies sind zun\u00e4chst Daten wie IP-Adresse, Datum, Uhrzeit und besuchte Seite. Ist der Nutzer w\u00e4hrenddessen in seinem Benutzerkonto des jeweiligen Netzwerks eingeloggt, kann der Netzwerk-Betreiber ggf. die gesammelten Informationen des konkreten Besuchs des Nutzers dem pers\u00f6nlichen Account des Nutzers zuordnen. Interagiert der Nutzer \u00fcber einen \u201eTeilen\u201c-Button des jeweiligen Netzwerks, k\u00f6nnen diese Informationen in dem pers\u00f6nlichen Benutzerkonto des Nutzers gespeichert und ggf. ver\u00f6ffentlicht werden. Will der Nutzer verhindern, dass die gesammelten Informationen unmittelbar seinem Benutzerkonto zugeordnet werden, muss er sich vor dem Anklicken der Grafik ausloggen. \u200b<\/p>\n\n\n\n<h3 class=\"wp-block-heading\">SSL-Verschl\u00fcsselung<\/h3>\n\n\n\n<p>Diese Seite nutzt aus Gr\u00fcnden der Sicherheit und zum Schutz der \u00dcbertragung vertraulicher Inhalte, wie zum Beispiel der Anfragen, die Sie an uns als Seitenbetreiber senden, eine SSL-Verschl\u00fcsselung. Eine verschl\u00fcsselte Verbindung erkennen Sie daran, dass die Adresszeile des Browsers von \u201chttp:\/\/\u201d auf \u201chttps:\/\/\u201d wechselt und an dem Schloss-Symbol in Ihrer Browserzeile. Wenn die SSL Verschl\u00fcsselung aktiviert ist, k\u00f6nnen die Daten, die Sie an uns \u00fcbermitteln, nicht von Dritten mitgelesen werden.<\/p>\n\n\n\n<h3 class=\"wp-block-heading\">Rechte<\/h3>\n\n\n\n<p>Nach der DSGVO haben Sie das Recht auf:<\/p>\n\n\n\n<ul class=\"wp-block-list\"><li>Auskunft \u00fcber die Verarbeitung Ihrer Daten<\/li><li>Berichtigung oder L\u00f6schung Ihrer Daten<\/li><li>Einschr\u00e4nkung der Verarbeitung (nur noch Speicherung m\u00f6glich)<\/li><li>Widerspruch gegen die Verarbeitung<\/li><li>Daten\u00fcbertragbarkeit<\/li><li>Widerruf Ihrer gegebenen Einwilligung mit Wirkung f\u00fcr die Zukunft<\/li><li>Beschwerde bei einer Datenschutz-Aufsichtsbeh\u00f6rde.<\/li><\/ul>\n\n\n\n<p>Diese Rechte k\u00f6nnen Sie jederzeit formlos und ohne Angabe von Gr\u00fcnden per E-Mail an mail@mscloud.pro einfordern. Wir nutzen keine Systeme zur automatisierten Entscheidungsfindung oder f\u00fcr Profiling.<\/p>\n\n\n\n<h3 class=\"wp-block-heading\">Widerspruch Werbe-Mails<\/h3>\n\n\n\n<p>Der Nutzung von im Rahmen der Impressumspflicht ver\u00f6ffentlichten Kontaktdaten zur \u00dcbersendung von nicht ausdr\u00fccklich angeforderter Werbung und Informationsmaterialien wird hiermit widersprochen. Die Betreiber der Seiten behalten sich ausdr\u00fccklich rechtliche Schritte im Falle der unverlangten Zusendung von Werbeinformationen, etwa durch Spam-E-Mails, vor.<\/p>\n\n\n\n<h3 class=\"wp-block-heading\">\u00c4nderung der Datenschutzhinweise<\/h3>\n\n\n\n<p>Wir \u00fcberarbeiten diese Datenschutzhinweise bei \u00c4nderungen der Datenverarbeitung oder bei sonstigen Anl\u00e4ssen, die dies erforderlich machen. Die jeweils aktuelle Fassung finden Sie stets auf dieser Internetseite.<\/p>\n\n\n\n<p>Die Nutzung unserer Webseite ist in der Regel ohne Angabe personenbezogener Daten m\u00f6glich. Soweit auf unseren Seiten personenbezogene Daten (beispielsweise Name, Anschrift oder eMail-Adressen) erhoben werden, erfolgt dies, soweit m\u00f6glich, stets auf freiwilliger Basis. Diese Daten werden ohne Ihre ausdr\u00fcckliche Zustimmung nicht an Dritte weitergegeben.<\/p>\n\n\n\n<p>Wir weisen darauf hin, dass die Daten\u00fcbertragung im Internet (z.B. bei der Kommunikation per E-Mail) Sicherheitsl\u00fccken aufweisen kann. Ein l\u00fcckenloser Schutz der Daten vor dem Zugriff durch Dritte ist nicht m\u00f6glich.<\/p>\n\n\n\n<p>Der Nutzung von im Rahmen der Impressumspflicht ver\u00f6ffentlichten Kontaktdaten durch Dritte zur \u00dcbersendung von nicht ausdr\u00fccklich angeforderter Werbung und Informationsmaterialien wird hiermit ausdr\u00fccklich widersprochen. Die Betreiber der Seiten behalten sich ausdr\u00fccklich rechtliche Schritte im Falle der unverlangten Zusendung von Werbeinformationen, etwa durch Spam-Mails, vor.<\/p>\n\n\n\n<p>Aus deiner E-Mail-Adresse kann eine anonymisierte Zeichenfolge erstellt (auch Hash genannt) und dem Gravatar-Dienst \u00fcbergeben werden, um zu pr\u00fcfen, ob du diesen benutzt. Die Datenschutzerkl\u00e4rung des Gravatar-Dienstes findest du hier: https:\/\/automattic.com\/privacy\/. Nachdem dein Kommentar freigegeben wurde, ist dein Profilbild \u00f6ffentlich im Kontext deines Kommentars sichtbar.<\/p>\n","protected":false},"excerpt":{"rendered":"<p>F\u00fcr unsere Interessenten, Kunden und Lieferanten stellen wir die folgenden detaillierten Informationen zur Verarbeitung ihrer personenbezogenen Daten nach Art. 13<\/p>\n","protected":false},"author":1,"featured_media":0,"parent":0,"menu_order":0,"comment_status":"closed","ping_status":"closed","template":"template-fullwidth.php","meta":{"_vp_format_video_url":"","_vp_image_focal_point":[],"footnotes":""},"class_list":["post-753","page","type-page","status-publish","hentry"],"translation":{"provider":"WPGlobus","version":"3.0.2","language":"hu","enabled_languages":["de","en","hu"],"languages":{"de":{"title":true,"content":true,"excerpt":false},"en":{"title":true,"content":false,"excerpt":false},"hu":{"title":true,"content":false,"excerpt":false}}},"_links":{"self":[{"href":"https:\/\/gbgmbh.de\/hu\/wp-json\/wp\/v2\/pages\/753","targetHints":{"allow":["GET"]}}],"collection":[{"href":"https:\/\/gbgmbh.de\/hu\/wp-json\/wp\/v2\/pages"}],"about":[{"href":"https:\/\/gbgmbh.de\/hu\/wp-json\/wp\/v2\/types\/page"}],"author":[{"embeddable":true,"href":"https:\/\/gbgmbh.de\/hu\/wp-json\/wp\/v2\/users\/1"}],"replies":[{"embeddable":true,"href":"https:\/\/gbgmbh.de\/hu\/wp-json\/wp\/v2\/comments?post=753"}],"version-history":[{"count":1,"href":"https:\/\/gbgmbh.de\/hu\/wp-json\/wp\/v2\/pages\/753\/revisions"}],"predecessor-version":[{"id":928,"href":"https:\/\/gbgmbh.de\/hu\/wp-json\/wp\/v2\/pages\/753\/revisions\/928"}],"wp:attachment":[{"href":"https:\/\/gbgmbh.de\/hu\/wp-json\/wp\/v2\/media?parent=753"}],"curies":[{"name":"wp","href":"https:\/\/api.w.org\/{rel}","templated":true}]}}